{"id":9,"date":"2019-03-25T22:47:38","date_gmt":"2019-03-25T21:47:38","guid":{"rendered":"http:\/\/mglowacki.pl\/?page_id=9"},"modified":"2021-05-24T14:33:14","modified_gmt":"2021-05-24T12:33:14","slug":"o-nas","status":"publish","type":"page","link":"https:\/\/mglowacki.pl\/","title":{"rendered":"O nas i naszej dzia\u0142alno\u015bci&#8230;"},"content":{"rendered":"\t\t<div data-elementor-type=\"wp-post\" data-elementor-id=\"9\" class=\"elementor elementor-9\">\n\t\t\t\t\t\t<section class=\"elementor-section elementor-top-section elementor-element elementor-element-11ad330f elementor-section-boxed elementor-section-height-default elementor-section-height-default\" data-id=\"11ad330f\" data-element_type=\"section\" data-e-type=\"section\">\n\t\t\t\t\t\t<div class=\"elementor-container elementor-column-gap-default\">\n\t\t\t\t\t<div class=\"elementor-column elementor-col-100 elementor-top-column elementor-element elementor-element-7e06aee9\" data-id=\"7e06aee9\" data-element_type=\"column\" data-e-type=\"column\">\n\t\t\t<div class=\"elementor-widget-wrap elementor-element-populated\">\n\t\t\t\t\t\t<div class=\"elementor-element elementor-element-435d14b4 elementor-widget elementor-widget-text-editor\" data-id=\"435d14b4\" data-element_type=\"widget\" data-e-type=\"widget\" data-widget_type=\"text-editor.default\">\n\t\t\t\t<div class=\"elementor-widget-container\">\n\t\t\t\t\t\t\t\t\t<h1 style=\"padding-left: 40px; text-align: left;\"><span style=\"font-size: 15px; font-weight: bold;\">Gospodarstwo Ogrodnicze Marcin G\u0142owacki jest producentem ro\u015blin doniczkowych, znanym z wysokiej jako\u015bci swoich produkt\u00f3w. Specjalizujemy si\u0119 w produkcji ukorzenionych sadzonek wielu gatunk\u00f3w ro\u015blin. W swojej ofercie opr\u00f3cz sadzonek mamy r\u00f3wnie\u017c ro\u015bliny go<\/span><span style=\"font-size: 15px; font-weight: bold;\">towe. Nasze produkty mo\u017cna znale\u017a\u0107 na rynku krajowym jak i w wielu krajach Europy. Zapraszamy do zapoznania si\u0119 z nasz\u0105 ofert\u0105<\/span><span style=\"font-size: 15px; font-weight: bold;\">.<\/span><\/h1>\n<p><\/p>\n<p><\/p>\t\t\t\t\t\t\t\t<\/div>\n\t\t\t\t<\/div>\n\t\t\t\t<div class=\"elementor-element elementor-element-5b57291 elementor-widget elementor-widget-image\" data-id=\"5b57291\" data-element_type=\"widget\" data-e-type=\"widget\" data-widget_type=\"image.default\">\n\t\t\t\t<div class=\"elementor-widget-container\">\n\t\t\t\t\t\t\t\t\t\t\t\t\t\t\t<img fetchpriority=\"high\" decoding=\"async\" width=\"625\" height=\"347\" src=\"https:\/\/mglowacki.pl\/wp-content\/uploads\/2019\/04\/Zrzut-ekranu-2019-04-22-o-23.03.55-1024x569.png\" class=\"attachment-large size-large wp-image-191\" alt=\"\" srcset=\"https:\/\/mglowacki.pl\/wp-content\/uploads\/2019\/04\/Zrzut-ekranu-2019-04-22-o-23.03.55-1024x569.png 1024w, https:\/\/mglowacki.pl\/wp-content\/uploads\/2019\/04\/Zrzut-ekranu-2019-04-22-o-23.03.55-300x167.png 300w, https:\/\/mglowacki.pl\/wp-content\/uploads\/2019\/04\/Zrzut-ekranu-2019-04-22-o-23.03.55-768x426.png 768w, https:\/\/mglowacki.pl\/wp-content\/uploads\/2019\/04\/Zrzut-ekranu-2019-04-22-o-23.03.55-500x278.png 500w, https:\/\/mglowacki.pl\/wp-content\/uploads\/2019\/04\/Zrzut-ekranu-2019-04-22-o-23.03.55.png 1439w\" sizes=\"(max-width: 625px) 100vw, 625px\" \/>\t\t\t\t\t\t\t\t\t\t\t\t\t\t\t<\/div>\n\t\t\t\t<\/div>\n\t\t\t\t<div class=\"elementor-element elementor-element-9bbf063 elementor-widget-divider--view-line elementor-widget elementor-widget-divider\" data-id=\"9bbf063\" data-element_type=\"widget\" data-e-type=\"widget\" data-widget_type=\"divider.default\">\n\t\t\t\t<div class=\"elementor-widget-container\">\n\t\t\t\t\t\t\t<div class=\"elementor-divider\">\n\t\t\t<span class=\"elementor-divider-separator\">\n\t\t\t\t\t\t<\/span>\n\t\t<\/div>\n\t\t\t\t\t\t<\/div>\n\t\t\t\t<\/div>\n\t\t\t\t\t<\/div>\n\t\t<\/div>\n\t\t\t\t\t<\/div>\n\t\t<\/section>\n\t\t\t\t<section class=\"elementor-section elementor-top-section elementor-element elementor-element-c5a0cde elementor-section-stretched elementor-section-boxed elementor-section-height-default elementor-section-height-default\" data-id=\"c5a0cde\" data-element_type=\"section\" data-e-type=\"section\" data-settings=\"{&quot;stretch_section&quot;:&quot;section-stretched&quot;}\">\n\t\t\t\t\t\t<div class=\"elementor-container elementor-column-gap-default\">\n\t\t\t\t\t<div class=\"elementor-column elementor-col-100 elementor-top-column elementor-element elementor-element-d0b3122\" data-id=\"d0b3122\" data-element_type=\"column\" data-e-type=\"column\">\n\t\t\t<div class=\"elementor-widget-wrap elementor-element-populated\">\n\t\t\t\t\t\t<div class=\"elementor-element elementor-element-3fbf9a0 elementor-widget elementor-widget-image-carousel\" data-id=\"3fbf9a0\" data-element_type=\"widget\" data-e-type=\"widget\" data-settings=\"{&quot;navigation&quot;:&quot;none&quot;,&quot;autoplay&quot;:&quot;yes&quot;,&quot;pause_on_hover&quot;:&quot;yes&quot;,&quot;pause_on_interaction&quot;:&quot;yes&quot;,&quot;autoplay_speed&quot;:5000,&quot;infinite&quot;:&quot;yes&quot;,&quot;speed&quot;:500}\" data-widget_type=\"image-carousel.default\">\n\t\t\t\t<div class=\"elementor-widget-container\">\n\t\t\t\t\t\t\t<div class=\"elementor-image-carousel-wrapper swiper\" role=\"region\" aria-roledescription=\"carousel\" aria-label=\"Karuzela obrazk\u00f3w\" dir=\"ltr\">\n\t\t\t<div class=\"elementor-image-carousel swiper-wrapper\" aria-live=\"off\">\n\t\t\t\t\t\t\t\t<div class=\"swiper-slide\" role=\"group\" aria-roledescription=\"slide\" aria-label=\"1 z 3\"><a data-elementor-open-lightbox=\"yes\" data-elementor-lightbox-slideshow=\"3fbf9a0\" data-elementor-lightbox-title=\"logo_RGB\" data-e-action-hash=\"#elementor-action%3Aaction%3Dlightbox%26settings%3DeyJpZCI6MTgwLCJ1cmwiOiJodHRwczpcL1wvbWdsb3dhY2tpLnBsXC93cC1jb250ZW50XC91cGxvYWRzXC8yMDE5XC8wNFwvbG9nb19SR0ItMS5wbmciLCJzbGlkZXNob3ciOiIzZmJmOWEwIn0%3D\" href=\"http:\/\/www.podoslonami.pl\/wzorowi-ogrodnicy-2017-r\/\"><figure class=\"swiper-slide-inner\"><img decoding=\"async\" class=\"swiper-slide-image\" src=\"https:\/\/mglowacki.pl\/wp-content\/uploads\/2019\/04\/logo_RGB-1-150x150.png\" alt=\"logo_RGB\" \/><\/figure><\/a><\/div><div class=\"swiper-slide\" role=\"group\" aria-roledescription=\"slide\" aria-label=\"2 z 3\"><a data-elementor-open-lightbox=\"yes\" data-elementor-lightbox-slideshow=\"3fbf9a0\" data-elementor-lightbox-title=\"medal_RGB\" data-e-action-hash=\"#elementor-action%3Aaction%3Dlightbox%26settings%3DeyJpZCI6MTU5LCJ1cmwiOiJodHRwczpcL1wvbWdsb3dhY2tpLnBsXC93cC1jb250ZW50XC91cGxvYWRzXC8yMDE5XC8wNFwvbWVkYWxfUkdCLnBuZyIsInNsaWRlc2hvdyI6IjNmYmY5YTAifQ%3D%3D\" href=\"http:\/\/www.podoslonami.pl\/wzorowi-ogrodnicy-2017-r\/\"><figure class=\"swiper-slide-inner\"><img decoding=\"async\" class=\"swiper-slide-image\" src=\"https:\/\/mglowacki.pl\/wp-content\/uploads\/2019\/04\/medal_RGB-150x150.png\" alt=\"medal_RGB\" \/><\/figure><\/a><\/div><div class=\"swiper-slide\" role=\"group\" aria-roledescription=\"slide\" aria-label=\"3 z 3\"><a data-elementor-open-lightbox=\"yes\" data-elementor-lightbox-slideshow=\"3fbf9a0\" data-elementor-lightbox-title=\"logo_RGB\" data-e-action-hash=\"#elementor-action%3Aaction%3Dlightbox%26settings%3DeyJpZCI6MTYwLCJ1cmwiOiJodHRwczpcL1wvbWdsb3dhY2tpLnBsXC93cC1jb250ZW50XC91cGxvYWRzXC8yMDE5XC8wNFwvbG9nb19SR0IucG5nIiwic2xpZGVzaG93IjoiM2ZiZjlhMCJ9\" href=\"http:\/\/www.podoslonami.pl\/wzorowi-ogrodnicy-2017-r\/\"><figure class=\"swiper-slide-inner\"><img decoding=\"async\" class=\"swiper-slide-image\" src=\"https:\/\/mglowacki.pl\/wp-content\/uploads\/2019\/04\/logo_RGB-150x150.png\" alt=\"logo_RGB\" \/><\/figure><\/a><\/div>\t\t\t<\/div>\n\t\t\t\t\t\t\t\n\t\t\t\t\t\t\t\t\t<\/div>\n\t\t\t\t\t\t<\/div>\n\t\t\t\t<\/div>\n\t\t\t\t<div class=\"elementor-element elementor-element-d4070ae elementor-widget__width-inherit elementor-widget elementor-widget-image\" data-id=\"d4070ae\" data-element_type=\"widget\" data-e-type=\"widget\" data-widget_type=\"image.default\">\n\t\t\t\t<div class=\"elementor-widget-container\">\n\t\t\t\t\t\t\t\t\t\t\t\t\t\t\t<img decoding=\"async\" width=\"620\" height=\"400\" src=\"https:\/\/mglowacki.pl\/wp-content\/uploads\/2019\/04\/DSC06454.jpg\" class=\"attachment-large size-large wp-image-183\" alt=\"\" srcset=\"https:\/\/mglowacki.pl\/wp-content\/uploads\/2019\/04\/DSC06454.jpg 620w, https:\/\/mglowacki.pl\/wp-content\/uploads\/2019\/04\/DSC06454-300x194.jpg 300w, https:\/\/mglowacki.pl\/wp-content\/uploads\/2019\/04\/DSC06454-465x300.jpg 465w\" sizes=\"(max-width: 620px) 100vw, 620px\" \/>\t\t\t\t\t\t\t\t\t\t\t\t\t\t\t<\/div>\n\t\t\t\t<\/div>\n\t\t\t\t<div class=\"elementor-element elementor-element-be2cb07 elementor-tabs-view-vertical elementor-widget__width-initial elementor-widget elementor-widget-tabs\" data-id=\"be2cb07\" data-element_type=\"widget\" data-e-type=\"widget\" data-settings=\"{&quot;_animation&quot;:&quot;none&quot;}\" data-widget_type=\"tabs.default\">\n\t\t\t\t<div class=\"elementor-widget-container\">\n\t\t\t\t\t\t\t<div class=\"elementor-tabs\">\n\t\t\t<div class=\"elementor-tabs-wrapper\" role=\"tablist\" >\n\t\t\t\t\t\t\t\t\t<div id=\"elementor-tab-title-1991\" class=\"elementor-tab-title elementor-tab-desktop-title\" aria-selected=\"true\" data-tab=\"1\" role=\"tab\" tabindex=\"0\" aria-controls=\"elementor-tab-content-1991\" aria-expanded=\"false\">Napisali o nas<\/div>\n\t\t\t\t\t\t\t\t\t<div id=\"elementor-tab-title-1992\" class=\"elementor-tab-title elementor-tab-desktop-title\" aria-selected=\"false\" data-tab=\"2\" role=\"tab\" tabindex=\"-1\" aria-controls=\"elementor-tab-content-1992\" aria-expanded=\"false\">Napisali o nas<\/div>\n\t\t\t\t\t\t\t\t\t<div id=\"elementor-tab-title-1993\" class=\"elementor-tab-title elementor-tab-desktop-title\" aria-selected=\"false\" data-tab=\"3\" role=\"tab\" tabindex=\"-1\" aria-controls=\"elementor-tab-content-1993\" aria-expanded=\"false\">Napisali o nas<\/div>\n\t\t\t\t\t\t\t\t\t<div id=\"elementor-tab-title-1994\" class=\"elementor-tab-title elementor-tab-desktop-title\" aria-selected=\"false\" data-tab=\"4\" role=\"tab\" tabindex=\"-1\" aria-controls=\"elementor-tab-content-1994\" aria-expanded=\"false\">Napisali o nas<\/div>\n\t\t\t\t\t\t\t<\/div>\n\t\t\t<div class=\"elementor-tabs-content-wrapper\" role=\"tablist\" aria-orientation=\"vertical\">\n\t\t\t\t\t\t\t\t\t<div class=\"elementor-tab-title elementor-tab-mobile-title\" aria-selected=\"true\" data-tab=\"1\" role=\"tab\" tabindex=\"0\" aria-controls=\"elementor-tab-content-1991\" aria-expanded=\"false\">Napisali o nas<\/div>\n\t\t\t\t\t<div id=\"elementor-tab-content-1991\" class=\"elementor-tab-content elementor-clearfix\" data-tab=\"1\" role=\"tabpanel\" aria-labelledby=\"elementor-tab-title-1991\" tabindex=\"0\" hidden=\"false\"><p><a href=\"http:\/\/mglowacki.pl\/wp-content\/uploads\/2019\/04\/7-2017_44-49.pdf\">Zapraszamy do artyku\u0142u<\/a><\/p>\n<div title=\"Page 1\">\n<div>\n<div>\n<div>\n<p>\u201eDzieje sie\u0328 u Wzorowych Ogrodniko\u0301w&#8221;<\/p>\n<p>Wydawca: Hortpress<\/p>\n<p>Czasopismo: &#8222;Pod Os\u0142onami&#8221;\u00a0<\/p>\n<p><a style=\"font-size: 15px;\" href=\"https:\/\/hortpress.com\/produkty\/czasopisma\/pod-oslonami\/\">https:\/\/hortpress.com\/produkty\/czasopisma\/pod-oslonami\/<\/a><\/p>\n<p>\u00a0<\/p>\n<\/div>\n<\/div>\n<\/div>\n<\/div><\/div>\n\t\t\t\t\t\t\t\t\t<div class=\"elementor-tab-title elementor-tab-mobile-title\" aria-selected=\"false\" data-tab=\"2\" role=\"tab\" tabindex=\"-1\" aria-controls=\"elementor-tab-content-1992\" aria-expanded=\"false\">Napisali o nas<\/div>\n\t\t\t\t\t<div id=\"elementor-tab-content-1992\" class=\"elementor-tab-content elementor-clearfix\" data-tab=\"2\" role=\"tabpanel\" aria-labelledby=\"elementor-tab-title-1992\" tabindex=\"0\" hidden=\"hidden\"><p><a href=\"http:\/\/mglowacki.pl\/wp-content\/uploads\/2019\/04\/4-2014_146.pdf\">Zapraszamy do artyku\u0142u<\/a><\/p>\n<div title=\"Page 1\">\n<div>\n<div>\n<div>\n<p>&#8222;Pelargonie i inne \u201egora\u0328ce\u201d nowos\u0301ci<br \/>28 czerwca, Warszo\u0301wek k. Starachowic&#8221;<\/p>\n<p>Wydawca: Hortpress<\/p>\n<p>Czasopismo: &#8222;Pod Os\u0142onami&#8221;\u00a0<\/p>\n<p><a href=\"https:\/\/hortpress.com\/produkty\/czasopisma\/pod-oslonami\/\">https:\/\/hortpress.com\/produkty\/czasopisma\/pod-oslonami\/<\/a><\/p>\n<\/div>\n<\/div>\n<\/div>\n<\/div><\/div>\n\t\t\t\t\t\t\t\t\t<div class=\"elementor-tab-title elementor-tab-mobile-title\" aria-selected=\"false\" data-tab=\"3\" role=\"tab\" tabindex=\"-1\" aria-controls=\"elementor-tab-content-1993\" aria-expanded=\"false\">Napisali o nas<\/div>\n\t\t\t\t\t<div id=\"elementor-tab-content-1993\" class=\"elementor-tab-content elementor-clearfix\" data-tab=\"3\" role=\"tabpanel\" aria-labelledby=\"elementor-tab-title-1993\" tabindex=\"0\" hidden=\"hidden\"><p><a href=\"http:\/\/mglowacki.pl\/wp-content\/uploads\/2019\/04\/1-2013_48-53.pdf\">Zapraszamy do artyku\u0142u<\/a><\/p>\n<div class=\"page\" title=\"Page 1\">\n<div class=\"section\">\n<div class=\"layoutArea\">\n<div class=\"column\">\n<p>&#8222;Nowoczesne ukorzenianie&#8221;<\/p>\n<p>Wydawca: Hortpress<\/p>\n<p>Czasopismo: &#8222;Pod Os\u0142onami&#8221;\u00a0<\/p>\n<p><a href=\"https:\/\/hortpress.com\/produkty\/czasopisma\/pod-oslonami\/\">https:\/\/hortpress.com\/produkty\/czasopisma\/pod-oslonami\/<\/a><\/p>\n<\/div>\n<\/div>\n<\/div>\n<\/div><\/div>\n\t\t\t\t\t\t\t\t\t<div class=\"elementor-tab-title elementor-tab-mobile-title\" aria-selected=\"false\" data-tab=\"4\" role=\"tab\" tabindex=\"-1\" aria-controls=\"elementor-tab-content-1994\" aria-expanded=\"false\">Napisali o nas<\/div>\n\t\t\t\t\t<div id=\"elementor-tab-content-1994\" class=\"elementor-tab-content elementor-clearfix\" data-tab=\"4\" role=\"tabpanel\" aria-labelledby=\"elementor-tab-title-1994\" tabindex=\"0\" hidden=\"hidden\"><p><a href=\"http:\/\/mglowacki.pl\/wp-content\/uploads\/2019\/04\/4-2014_132-133.pdf\">Zapraszamy do artyku\u0142u<\/a><\/p>\n<div class=\"page\" title=\"Page 1\">\n<div class=\"section\">\n<div class=\"layoutArea\">\n<div class=\"column\">\n<p>&#8222;Pelargonie,\u00a0petunie,\u00a0werbeny&#8230;&#8221;<\/p>\n<p>Wydawca: Hortpress<\/p>\n<p>Czasopismo: &#8222;Pod Os\u0142onami&#8221;\u00a0<\/p>\n<p><a href=\"https:\/\/hortpress.com\/produkty\/czasopisma\/pod-oslonami\/\">https:\/\/hortpress.com\/produkty\/czasopisma\/pod-oslonami\/<\/a><\/p>\n<\/div>\n<\/div>\n<\/div>\n<\/div><\/div>\n\t\t\t\t\t\t\t<\/div>\n\t\t<\/div>\n\t\t\t\t\t\t<\/div>\n\t\t\t\t<\/div>\n\t\t\t\t\t<\/div>\n\t\t<\/div>\n\t\t\t\t\t<\/div>\n\t\t<\/section>\n\t\t\t\t<\/div>\n\t\t","protected":false},"excerpt":{"rendered":"<p>Gospodarstwo Ogrodnicze Marcin G\u0142owacki jest producentem ro\u015blin doniczkowych, znanym z wysokiej jako\u015bci swoich produkt\u00f3w. Specjalizujemy si\u0119 w produkcji ukorzenionych sadzonek wielu gatunk\u00f3w ro\u015blin. W swojej ofercie opr\u00f3cz sadzonek mamy r\u00f3wnie\u017c ro\u015bliny gotowe. Nasze produkty mo\u017cna znale\u017a\u0107 na rynku krajowym jak i w wielu krajach Europy. Zapraszamy do zapoznania si\u0119 z nasz\u0105 ofert\u0105. Napisali o nas <a href=\"https:\/\/mglowacki.pl\/\" class=\"more-link\">Czytaj dalej...<span class=\"screen-reader-text\"> \"O nas i naszej dzia\u0142alno\u015bci&#8230;\"<\/span><\/a><\/p>\n","protected":false},"author":1,"featured_media":0,"parent":0,"menu_order":0,"comment_status":"closed","ping_status":"closed","template":"","meta":{"_acf_changed":false,"footnotes":""},"class_list":["post-9","page","type-page","status-publish","h-entry","hentry","h-as-page"],"acf":[],"yoast_head":"<!-- This site is optimized with the Yoast SEO plugin v17.7.1 - https:\/\/yoast.com\/wordpress\/plugins\/seo\/ -->\n<title>O nas i naszej dzia\u0142alno\u015bci... &raquo;<\/title>\n<meta name=\"robots\" content=\"index, follow, max-snippet:-1, max-image-preview:large, max-video-preview:-1\" \/>\n<link rel=\"canonical\" href=\"https:\/\/mglowacki.pl\/\" \/>\n<meta property=\"og:locale\" content=\"pl_PL\" \/>\n<meta property=\"og:type\" content=\"article\" \/>\n<meta property=\"og:title\" content=\"O nas i naszej dzia\u0142alno\u015bci... &raquo;\" \/>\n<meta property=\"og:description\" content=\"Gospodarstwo Ogrodnicze Marcin G\u0142owacki jest producentem ro\u015blin doniczkowych, znanym z wysokiej jako\u015bci swoich produkt\u00f3w. Specjalizujemy si\u0119 w produkcji ukorzenionych sadzonek wielu gatunk\u00f3w ro\u015blin. W swojej ofercie opr\u00f3cz sadzonek mamy r\u00f3wnie\u017c ro\u015bliny gotowe. Nasze produkty mo\u017cna znale\u017a\u0107 na rynku krajowym jak i w wielu krajach Europy. Zapraszamy do zapoznania si\u0119 z nasz\u0105 ofert\u0105. Napisali o nas Czytaj dalej... &quot;O nas i naszej dzia\u0142alno\u015bci&#8230;&quot;\" \/>\n<meta property=\"og:url\" content=\"https:\/\/mglowacki.pl\/\" \/>\n<meta property=\"article:modified_time\" content=\"2021-05-24T12:33:14+00:00\" \/>\n<meta property=\"og:image\" content=\"http:\/\/mglowacki.pl\/wp-content\/uploads\/2019\/04\/Zrzut-ekranu-2019-04-22-o-23.03.55-1024x569.png\" \/>\n<meta name=\"twitter:card\" content=\"summary_large_image\" \/>\n<meta name=\"twitter:label1\" content=\"Szacowany czas czytania\" \/>\n\t<meta name=\"twitter:data1\" content=\"1 minuta\" \/>\n<script type=\"application\/ld+json\" class=\"yoast-schema-graph\">{\"@context\":\"https:\/\/schema.org\",\"@graph\":[{\"@type\":\"Organization\",\"@id\":\"https:\/\/mglowacki.pl\/#organization\",\"name\":\"Gospodarstwo Ogrodnicze Marcin G\\u0142owacki\",\"url\":\"https:\/\/mglowacki.pl\/\",\"sameAs\":[],\"logo\":{\"@type\":\"ImageObject\",\"@id\":\"https:\/\/mglowacki.pl\/#logo\",\"inLanguage\":\"pl-PL\",\"url\":\"https:\/\/i0.wp.com\/mglowacki.pl\/wp-content\/uploads\/2021\/05\/cropped-glowackilogo.png?fit=1842%2C634\",\"contentUrl\":\"https:\/\/i0.wp.com\/mglowacki.pl\/wp-content\/uploads\/2021\/05\/cropped-glowackilogo.png?fit=1842%2C634\",\"width\":1842,\"height\":634,\"caption\":\"Gospodarstwo Ogrodnicze Marcin G\\u0142owacki\"},\"image\":{\"@id\":\"https:\/\/mglowacki.pl\/#logo\"}},{\"@type\":\"WebSite\",\"@id\":\"https:\/\/mglowacki.pl\/#website\",\"url\":\"https:\/\/mglowacki.pl\/\",\"name\":\"Gospodarstwo Ogrodnicze MG\",\"description\":\"Gospodarstwo Ogrodnicze Marcin G\\u0142owacki\",\"publisher\":{\"@id\":\"https:\/\/mglowacki.pl\/#organization\"},\"potentialAction\":[{\"@type\":\"SearchAction\",\"target\":{\"@type\":\"EntryPoint\",\"urlTemplate\":\"https:\/\/mglowacki.pl\/?s={search_term_string}\"},\"query-input\":\"required name=search_term_string\"}],\"inLanguage\":\"pl-PL\"},{\"@type\":\"ImageObject\",\"@id\":\"https:\/\/mglowacki.pl\/#primaryimage\",\"inLanguage\":\"pl-PL\",\"url\":\"http:\/\/mglowacki.pl\/wp-content\/uploads\/2019\/04\/Zrzut-ekranu-2019-04-22-o-23.03.55-1024x569.png\",\"contentUrl\":\"http:\/\/mglowacki.pl\/wp-content\/uploads\/2019\/04\/Zrzut-ekranu-2019-04-22-o-23.03.55-1024x569.png\"},{\"@type\":\"WebPage\",\"@id\":\"https:\/\/mglowacki.pl\/#webpage\",\"url\":\"https:\/\/mglowacki.pl\/\",\"name\":\"O nas i naszej dzia\\u0142alno\\u015bci... &raquo;\",\"isPartOf\":{\"@id\":\"https:\/\/mglowacki.pl\/#website\"},\"primaryImageOfPage\":{\"@id\":\"https:\/\/mglowacki.pl\/#primaryimage\"},\"datePublished\":\"2019-03-25T21:47:38+00:00\",\"dateModified\":\"2021-05-24T12:33:14+00:00\",\"breadcrumb\":{\"@id\":\"https:\/\/mglowacki.pl\/#breadcrumb\"},\"inLanguage\":\"pl-PL\",\"potentialAction\":[{\"@type\":\"ReadAction\",\"target\":[\"https:\/\/mglowacki.pl\/\"]}]},{\"@type\":\"BreadcrumbList\",\"@id\":\"https:\/\/mglowacki.pl\/#breadcrumb\",\"itemListElement\":[{\"@type\":\"ListItem\",\"position\":1,\"name\":\"Strona g\\u0142\\u00f3wna\",\"item\":\"https:\/\/mglowacki.pl\/\"},{\"@type\":\"ListItem\",\"position\":2,\"name\":\"O nas i naszej dzia\\u0142alno\\u015bci&#8230;\"}]}]}<\/script>\n<!-- \/ Yoast SEO plugin. -->","yoast_head_json":{"title":"O nas i naszej dzia\u0142alno\u015bci... &raquo;","robots":{"index":"index","follow":"follow","max-snippet":"max-snippet:-1","max-image-preview":"max-image-preview:large","max-video-preview":"max-video-preview:-1"},"canonical":"https:\/\/mglowacki.pl\/","og_locale":"pl_PL","og_type":"article","og_title":"O nas i naszej dzia\u0142alno\u015bci... &raquo;","og_description":"Gospodarstwo Ogrodnicze Marcin G\u0142owacki jest producentem ro\u015blin doniczkowych, znanym z wysokiej jako\u015bci swoich produkt\u00f3w. Specjalizujemy si\u0119 w produkcji ukorzenionych sadzonek wielu gatunk\u00f3w ro\u015blin. W swojej ofercie opr\u00f3cz sadzonek mamy r\u00f3wnie\u017c ro\u015bliny gotowe. Nasze produkty mo\u017cna znale\u017a\u0107 na rynku krajowym jak i w wielu krajach Europy. Zapraszamy do zapoznania si\u0119 z nasz\u0105 ofert\u0105. Napisali o nas Czytaj dalej... \"O nas i naszej dzia\u0142alno\u015bci&#8230;\"","og_url":"https:\/\/mglowacki.pl\/","article_modified_time":"2021-05-24T12:33:14+00:00","og_image":[{"url":"http:\/\/mglowacki.pl\/wp-content\/uploads\/2019\/04\/Zrzut-ekranu-2019-04-22-o-23.03.55-1024x569.png"}],"twitter_card":"summary_large_image","twitter_misc":{"Szacowany czas czytania":"1 minuta"},"schema":{"@context":"https:\/\/schema.org","@graph":[{"@type":"Organization","@id":"https:\/\/mglowacki.pl\/#organization","name":"Gospodarstwo Ogrodnicze Marcin G\u0142owacki","url":"https:\/\/mglowacki.pl\/","sameAs":[],"logo":{"@type":"ImageObject","@id":"https:\/\/mglowacki.pl\/#logo","inLanguage":"pl-PL","url":"https:\/\/i0.wp.com\/mglowacki.pl\/wp-content\/uploads\/2021\/05\/cropped-glowackilogo.png?fit=1842%2C634","contentUrl":"https:\/\/i0.wp.com\/mglowacki.pl\/wp-content\/uploads\/2021\/05\/cropped-glowackilogo.png?fit=1842%2C634","width":1842,"height":634,"caption":"Gospodarstwo Ogrodnicze Marcin G\u0142owacki"},"image":{"@id":"https:\/\/mglowacki.pl\/#logo"}},{"@type":"WebSite","@id":"https:\/\/mglowacki.pl\/#website","url":"https:\/\/mglowacki.pl\/","name":"Gospodarstwo Ogrodnicze MG","description":"Gospodarstwo Ogrodnicze Marcin G\u0142owacki","publisher":{"@id":"https:\/\/mglowacki.pl\/#organization"},"potentialAction":[{"@type":"SearchAction","target":{"@type":"EntryPoint","urlTemplate":"https:\/\/mglowacki.pl\/?s={search_term_string}"},"query-input":"required name=search_term_string"}],"inLanguage":"pl-PL"},{"@type":"ImageObject","@id":"https:\/\/mglowacki.pl\/#primaryimage","inLanguage":"pl-PL","url":"http:\/\/mglowacki.pl\/wp-content\/uploads\/2019\/04\/Zrzut-ekranu-2019-04-22-o-23.03.55-1024x569.png","contentUrl":"http:\/\/mglowacki.pl\/wp-content\/uploads\/2019\/04\/Zrzut-ekranu-2019-04-22-o-23.03.55-1024x569.png"},{"@type":"WebPage","@id":"https:\/\/mglowacki.pl\/#webpage","url":"https:\/\/mglowacki.pl\/","name":"O nas i naszej dzia\u0142alno\u015bci... &raquo;","isPartOf":{"@id":"https:\/\/mglowacki.pl\/#website"},"primaryImageOfPage":{"@id":"https:\/\/mglowacki.pl\/#primaryimage"},"datePublished":"2019-03-25T21:47:38+00:00","dateModified":"2021-05-24T12:33:14+00:00","breadcrumb":{"@id":"https:\/\/mglowacki.pl\/#breadcrumb"},"inLanguage":"pl-PL","potentialAction":[{"@type":"ReadAction","target":["https:\/\/mglowacki.pl\/"]}]},{"@type":"BreadcrumbList","@id":"https:\/\/mglowacki.pl\/#breadcrumb","itemListElement":[{"@type":"ListItem","position":1,"name":"Strona g\u0142\u00f3wna","item":"https:\/\/mglowacki.pl\/"},{"@type":"ListItem","position":2,"name":"O nas i naszej dzia\u0142alno\u015bci&#8230;"}]}]}},"_links":{"self":[{"href":"https:\/\/mglowacki.pl\/index.php\/wp-json\/wp\/v2\/pages\/9","targetHints":{"allow":["GET"]}}],"collection":[{"href":"https:\/\/mglowacki.pl\/index.php\/wp-json\/wp\/v2\/pages"}],"about":[{"href":"https:\/\/mglowacki.pl\/index.php\/wp-json\/wp\/v2\/types\/page"}],"author":[{"embeddable":true,"href":"https:\/\/mglowacki.pl\/index.php\/wp-json\/wp\/v2\/users\/1"}],"replies":[{"embeddable":true,"href":"https:\/\/mglowacki.pl\/index.php\/wp-json\/wp\/v2\/comments?post=9"}],"version-history":[{"count":72,"href":"https:\/\/mglowacki.pl\/index.php\/wp-json\/wp\/v2\/pages\/9\/revisions"}],"predecessor-version":[{"id":666,"href":"https:\/\/mglowacki.pl\/index.php\/wp-json\/wp\/v2\/pages\/9\/revisions\/666"}],"wp:attachment":[{"href":"https:\/\/mglowacki.pl\/index.php\/wp-json\/wp\/v2\/media?parent=9"}],"curies":[{"name":"wp","href":"https:\/\/api.w.org\/{rel}","templated":true}]}}